{"id":12,"date":"2023-07-28T17:27:51","date_gmt":"2023-07-28T15:27:51","guid":{"rendered":"https:\/\/magnottdevlab.net\/alpesmaritimes\/?page_id=12"},"modified":"2023-08-01T21:44:37","modified_gmt":"2023-08-01T19:44:37","slug":"tourisme-et-gastronomie-du-06-une-decouverte-gourmande","status":"publish","type":"page","link":"https:\/\/magnottdevlab.net\/alpesmaritimes\/index.php\/tourisme-et-gastronomie-du-06-une-decouverte-gourmande\/","title":{"rendered":"Tourisme et Gastronomie"},"content":{"rendered":"\n<p><strong>Explorez les d\u00e9lices gastronomiques et les tr\u00e9sors touristiques du d\u00e9partement du 06. Que vous soyez passionn\u00e9 de randonn\u00e9e, d&rsquo;authenticit\u00e9 ou de plaisirs culinaires, laissez-vous s\u00e9duire par notre s\u00e9lection d&rsquo;endroits incontournables. D\u00e9couvrez Berthemont-les-Bains, arpentez le tour du Cap d&rsquo;Antibes \u00e0 pieds, et plongez dans l&rsquo;atmosph\u00e8re pittoresque de nos villages typiques. En prime, d\u00e9couvrez mes restaurants pr\u00e9f\u00e9r\u00e9s o\u00f9 vous pourrez savourer des mets d\u00e9licieux.&nbsp;<\/strong><\/p>\n\n\n\n<div style=\"height:100px\" aria-hidden=\"true\" class=\"wp-block-spacer\"><\/div>\n\n\n\n<p style=\"font-size:25px\"><strong> Berthemont-les-Bains&nbsp;<\/strong><\/p>\n\n\n\n<div class=\"wp-block-media-text alignwide is-stacked-on-mobile\"><figure class=\"wp-block-media-text__media\"><img decoding=\"async\" loading=\"lazy\" width=\"1024\" height=\"512\" src=\"https:\/\/magnottdevlab.net\/alpesmaritimes\/wp-content\/uploads\/2023\/07\/4618519-1024x512.webp\" alt=\"\" class=\"wp-image-146 size-full\" srcset=\"https:\/\/magnottdevlab.net\/alpesmaritimes\/wp-content\/uploads\/2023\/07\/4618519-1024x512.webp 1024w, https:\/\/magnottdevlab.net\/alpesmaritimes\/wp-content\/uploads\/2023\/07\/4618519-300x150.webp 300w, https:\/\/magnottdevlab.net\/alpesmaritimes\/wp-content\/uploads\/2023\/07\/4618519-768x384.webp 768w, https:\/\/magnottdevlab.net\/alpesmaritimes\/wp-content\/uploads\/2023\/07\/4618519-1080x540.webp 1080w, https:\/\/magnottdevlab.net\/alpesmaritimes\/wp-content\/uploads\/2023\/07\/4618519-1140x570.webp 1140w, https:\/\/magnottdevlab.net\/alpesmaritimes\/wp-content\/uploads\/2023\/07\/4618519.webp 1280w\" sizes=\"(max-width: 1024px) 100vw, 1024px\" \/><\/figure><div class=\"wp-block-media-text__content\">\n<p>Commencez votre voyage par Berthemont-les-Bains, une charmante station thermale nich\u00e9e au c\u0153ur des montagnes. Laissez-vous envelopper par les eaux bienfaisantes de ses sources chaudes et profitez d&rsquo;un moment de d\u00e9tente et de bien-\u00eatre incomparable.&nbsp;<\/p>\n\n\n\n<div class=\"wp-block-buttons is-layout-flex\">\n<div class=\"wp-block-button\"><a class=\"wp-block-button__link wp-element-button\" href=\"https:\/\/www.valvital.fr\/Nos-stations-thermales\/Berthemont-les-Bains-Station-thermale-Roquebilliere-Berthemont-les-Bains\" target=\"_blank\" rel=\"noreferrer noopener\">Aller \u00e0 Berthemont-Les-Bains<\/a><\/div>\n<\/div>\n<\/div><\/div>\n\n\n\n<p><\/p>\n\n\n\n<div style=\"height:100px\" aria-hidden=\"true\" class=\"wp-block-spacer\"><\/div>\n\n\n\n<p style=\"font-size:25px\"><strong>Le Tour du Cap d&rsquo;Antibes \u00e0 pieds<\/strong>&nbsp;<\/p>\n\n\n\n<p><\/p>\n\n\n\n<div class=\"wp-block-media-text alignwide has-media-on-the-right is-stacked-on-mobile\"><div class=\"wp-block-media-text__content\">\n<p>Le Tour du Cap d&rsquo;Antibes \u00e0 pied est une exp\u00e9rience envo\u00fbtante le long de la C\u00f4te d&rsquo;Azur. Le sentier pittoresque longe les rivages pr\u00e9serv\u00e9s du Cap d&rsquo;Antibes, offrant des vues \u00e0 couper le souffle sur la mer M\u00e9diterran\u00e9e scintillante. Il serpente \u00e0 travers des criques isol\u00e9es, des plages de sable fin et des falaises spectaculaires, d\u00e9voilant un panorama spectaculaire sur la c\u00f4te accident\u00e9e.<\/p>\n\n\n\n<p>Tout au long du parcours, vous pourrez admirer de somptueuses villas et des propri\u00e9t\u00e9s de renomm\u00e9e mondiale, t\u00e9moins du riche patrimoine de la r\u00e9gion. Le charme incontestable de ce sentier r\u00e9side dans son m\u00e9lange d&rsquo;authenticit\u00e9 et de grandeur. Que vous soyez un marcheur exp\u00e9riment\u00e9 ou simplement \u00e0 la recherche d&rsquo;une promenade tranquille, le Tour du Cap d&rsquo;Antibes offre des options pour tous les niveaux de fitness. Les amateurs de plong\u00e9e sous-marine pourront \u00e9galement se r\u00e9galer avec les criques cristallines qui invitent \u00e0 l&rsquo;exploration des fonds marins.<\/p>\n\n\n\n<p>Pour les amoureux de la nature, ce parcours est un v\u00e9ritable paradis. La faune et la flore locales sont riches et vari\u00e9es, avec des esp\u00e8ces d&rsquo;oiseaux migrateurs, des plantes m\u00e9diterran\u00e9ennes rares et une biodiversit\u00e9 unique. Que ce soit pour une escapade d&rsquo;une journ\u00e9e ou une aventure plus longue, le Tour du Cap d&rsquo;Antibes \u00e0 pied est une exp\u00e9rience inoubliable qui vous plongera dans la beaut\u00e9 intemporelle de la C\u00f4te d&rsquo;Azur et vous laissera des souvenirs imp\u00e9rissables de cette r\u00e9gion paradisiaque.<\/p>\n\n\n\n<div class=\"wp-block-buttons is-layout-flex\">\n<div class=\"wp-block-button\"><a class=\"wp-block-button__link wp-element-button\" href=\"https:\/\/randoxygene.departement06.fr\/littoral\/tour-du-cap-d-antibes-9360.html\" target=\"_blank\" rel=\"noreferrer noopener\">Voir la randonn\u00e9e<\/a><\/div>\n<\/div>\n<\/div><figure class=\"wp-block-media-text__media\"><img decoding=\"async\" loading=\"lazy\" width=\"150\" height=\"150\" src=\"https:\/\/magnottdevlab.net\/alpesmaritimes\/wp-content\/uploads\/2023\/07\/csm_dpt06-randoxygene_cotier_img-55_07208dbde8-150x150.jpg\" alt=\"\" class=\"wp-image-147 size-thumbnail\" srcset=\"https:\/\/magnottdevlab.net\/alpesmaritimes\/wp-content\/uploads\/2023\/07\/csm_dpt06-randoxygene_cotier_img-55_07208dbde8-150x150.jpg 150w, https:\/\/magnottdevlab.net\/alpesmaritimes\/wp-content\/uploads\/2023\/07\/csm_dpt06-randoxygene_cotier_img-55_07208dbde8-75x75.jpg 75w\" sizes=\"(max-width: 150px) 100vw, 150px\" \/><\/figure><\/div>\n\n\n\n<div style=\"height:100px\" aria-hidden=\"true\" class=\"wp-block-spacer\"><\/div>\n\n\n\n<p style=\"font-size:25px\"><strong>Villages Typiques des Alpes-Maritimes&nbsp;<\/strong><\/p>\n\n\n\n<p>Image repr\u00e9sentative de villages typiques en fond de page&nbsp;<\/p>\n\n\n\n<div class=\"wp-block-media-text alignwide is-stacked-on-mobile\"><figure class=\"wp-block-media-text__media\"><img decoding=\"async\" loading=\"lazy\" width=\"700\" height=\"280\" src=\"https:\/\/magnottdevlab.net\/alpesmaritimes\/wp-content\/uploads\/2023\/07\/A7R0587.jpg\" alt=\"\" class=\"wp-image-148 size-full\" srcset=\"https:\/\/magnottdevlab.net\/alpesmaritimes\/wp-content\/uploads\/2023\/07\/A7R0587.jpg 700w, https:\/\/magnottdevlab.net\/alpesmaritimes\/wp-content\/uploads\/2023\/07\/A7R0587-300x120.jpg 300w\" sizes=\"(max-width: 700px) 100vw, 700px\" \/><\/figure><div class=\"wp-block-media-text__content\">\n<p>Perdez-vous dans l&rsquo;atmosph\u00e8re pittoresque de nos villages typiques du 06. D\u00e9couvrez leurs ruelles charmantes, leurs maisons en pierre et leurs march\u00e9s anim\u00e9s, pour une immersion authentique au c\u0153ur de la vie locale.&nbsp;<\/p>\n\n\n\n<div class=\"wp-block-buttons is-layout-flex\">\n<div class=\"wp-block-button\"><a class=\"wp-block-button__link wp-element-button\" href=\"https:\/\/www.villagesetpatrimoine.fr\/les-plus-beaux-villages-des-alpes-maritimes\/\" target=\"_blank\" rel=\"noreferrer noopener\">Visiter les villages embl\u00e9matiques des Alpes-Maritimes<\/a><\/div>\n<\/div>\n<\/div><\/div>\n\n\n\n<div style=\"height:100px\" aria-hidden=\"true\" class=\"wp-block-spacer\"><\/div>\n\n\n\n<p style=\"font-size:25px\"><strong> Restaurants Coup de C\u0153ur&nbsp;<\/strong><\/p>\n\n\n\n<p><\/p>\n\n\n\n<p>Savourez les plaisirs gustatifs du 06 dans mes restaurants pr\u00e9f\u00e9r\u00e9s. D\u00e9gustez des mets raffin\u00e9s, aux saveurs authentiques, pr\u00e9par\u00e9s avec amour par des chefs passionn\u00e9s. Une v\u00e9ritable exp\u00e9rience culinaire vous attend.&nbsp;<\/p>\n\n\n\n<p><a rel=\"noreferrer noopener\" href=\"https:\/\/www.tripadvisor.fr\/Restaurant_Review-g187234-d1835743-Reviews-Les_Amoureux-Nice_French_Riviera_Cote_d_Azur_Provence_Alpes_Cote_d_Azur.html\" data-type=\"URL\" data-id=\"https:\/\/www.tripadvisor.fr\/Restaurant_Review-g187234-d1835743-Reviews-Les_Amoureux-Nice_French_Riviera_Cote_d_Azur_Provence_Alpes_Cote_d_Azur.html\" target=\"_blank\">Les Amoureux<\/a> : Meilleure pizzeria napolitaine des Alpes-Maritimes \u00e0 Nice !<\/p>\n\n\n\n<p><a rel=\"noreferrer noopener\" href=\"https:\/\/goo.gl\/maps\/GxCMhj43WYz6crSE8\" data-type=\"URL\" data-id=\"https:\/\/goo.gl\/maps\/GxCMhj43WYz6crSE8\" target=\"_blank\">P\u00e9p\u00e8re et Ronnie <\/a>: De succulents pizzas napolitaine accompagn\u00e9es d&rsquo;excellente bi\u00e8re bretonnes \u00e0 Cagnes-sur-mer !&nbsp;<\/p>\n\n\n\n<p><a href=\"https:\/\/www.lacavedufromager.fr\/#\" data-type=\"URL\" data-id=\"https:\/\/www.lacavedufromager.fr\/#\" target=\"_blank\" rel=\"noreferrer noopener\">La cave du Fromager<\/a> : Excellent restaurant de fromage situ\u00e9 dans le vieux Nice dans une cave en sous sol !<\/p>\n\n\n\n<p><a href=\"https:\/\/www.tripadvisor.fr\/Restaurant_Review-g187217-d1948926-Reviews-La_Taille_de_Guepe-Antibes_French_Riviera_Cote_d_Azur_Provence_Alpes_Cote_d_Azur.html\" data-type=\"URL\" data-id=\"https:\/\/www.tripadvisor.fr\/Restaurant_Review-g187217-d1948926-Reviews-La_Taille_de_Guepe-Antibes_French_Riviera_Cote_d_Azur_Provence_Alpes_Cote_d_Azur.html\" target=\"_blank\" rel=\"noreferrer noopener\">La taille de gu\u00eape<\/a> : Merveilleux restaurant, une cuisine tr\u00e8s raffin\u00e9e \u00e0 Antibes ! <\/p>\n\n\n\n<p><\/p>\n\n\n\n<div style=\"height:100px\" aria-hidden=\"true\" class=\"wp-block-spacer\"><\/div>\n\n\n\n<p><strong>Le 06 est un v\u00e9ritable tr\u00e9sor de plaisirs, m\u00ealant tourisme d&rsquo;exception et d\u00e9lices culinaires. Que vous soyez en qu\u00eate de d\u00e9tente, d&rsquo;aventure ou de d\u00e9couvertes gustatives, notre d\u00e9partement saura combler toutes vos envies.&nbsp;<\/strong><\/p>\n\n\n\n<p><\/p>\n","protected":false},"excerpt":{"rendered":"<p>Explorez les d\u00e9lices gastronomiques et les tr\u00e9sors touristiques du d\u00e9partement du 06. Que vous soyez passionn\u00e9 de randonn\u00e9e, d&rsquo;authenticit\u00e9 ou de plaisirs culinaires, laissez-vous s\u00e9duire par notre s\u00e9lection d&rsquo;endroits incontournables. D\u00e9couvrez Berthemont-les-Bains, arpentez le tour du Cap d&rsquo;Antibes \u00e0 pieds, et plongez dans l&rsquo;atmosph\u00e8re pittoresque de nos villages typiques. En prime, d\u00e9couvrez mes restaurants pr\u00e9f\u00e9r\u00e9s o\u00f9 vous pourrez savourer des mets d\u00e9licieux.&nbsp; Berthemont-les-Bains&nbsp; Le Tour du Cap d&rsquo;Antibes \u00e0 pieds&nbsp; Villages Typiques des Alpes-Maritimes&nbsp; Image repr\u00e9sentative de villages typiques en fond de page&nbsp; Restaurants Coup de C\u0153ur&nbsp; Savourez les plaisirs gustatifs du 06 dans mes restaurants pr\u00e9f\u00e9r\u00e9s. D\u00e9gustez des mets raffin\u00e9s, aux saveurs authentiques, pr\u00e9par\u00e9s avec amour par des chefs passionn\u00e9s. Une v\u00e9ritable exp\u00e9rience culinaire vous attend.&nbsp; Les Amoureux : Meilleure pizzeria napolitaine des Alpes-Maritimes \u00e0 Nice ! P\u00e9p\u00e8re et Ronnie : De succulents pizzas napolitaine accompagn\u00e9es d&rsquo;excellente bi\u00e8re bretonnes \u00e0 Cagnes-sur-mer !&nbsp; La cave du Fromager : Excellent restaurant de fromage situ\u00e9 dans le vieux Nice dans une cave en sous sol ! La taille de gu\u00eape : Merveilleux restaurant, une cuisine tr\u00e8s raffin\u00e9e \u00e0 Antibes ! Le 06 est un v\u00e9ritable tr\u00e9sor de plaisirs, m\u00ealant tourisme d&rsquo;exception et d\u00e9lices culinaires. Que vous soyez en qu\u00eate de d\u00e9tente, d&rsquo;aventure ou de d\u00e9couvertes gustatives, notre d\u00e9partement saura combler toutes vos envies.&nbsp;<\/p>\n","protected":false},"author":1,"featured_media":0,"parent":0,"menu_order":0,"comment_status":"closed","ping_status":"closed","template":"","meta":[],"_links":{"self":[{"href":"https:\/\/magnottdevlab.net\/alpesmaritimes\/index.php\/wp-json\/wp\/v2\/pages\/12"}],"collection":[{"href":"https:\/\/magnottdevlab.net\/alpesmaritimes\/index.php\/wp-json\/wp\/v2\/pages"}],"about":[{"href":"https:\/\/magnottdevlab.net\/alpesmaritimes\/index.php\/wp-json\/wp\/v2\/types\/page"}],"author":[{"embeddable":true,"href":"https:\/\/magnottdevlab.net\/alpesmaritimes\/index.php\/wp-json\/wp\/v2\/users\/1"}],"replies":[{"embeddable":true,"href":"https:\/\/magnottdevlab.net\/alpesmaritimes\/index.php\/wp-json\/wp\/v2\/comments?post=12"}],"version-history":[{"count":8,"href":"https:\/\/magnottdevlab.net\/alpesmaritimes\/index.php\/wp-json\/wp\/v2\/pages\/12\/revisions"}],"predecessor-version":[{"id":183,"href":"https:\/\/magnottdevlab.net\/alpesmaritimes\/index.php\/wp-json\/wp\/v2\/pages\/12\/revisions\/183"}],"wp:attachment":[{"href":"https:\/\/magnottdevlab.net\/alpesmaritimes\/index.php\/wp-json\/wp\/v2\/media?parent=12"}],"curies":[{"name":"wp","href":"https:\/\/api.w.org\/{rel}","templated":true}]}}