{"id":14,"date":"2023-07-28T17:29:17","date_gmt":"2023-07-28T15:29:17","guid":{"rendered":"https:\/\/magnottdevlab.net\/alpesmaritimes\/?page_id=14"},"modified":"2023-08-01T21:45:43","modified_gmt":"2023-08-01T19:45:43","slug":"infos-pratiques-preparez-votre-voyage-dans-le-06","status":"publish","type":"page","link":"https:\/\/magnottdevlab.net\/alpesmaritimes\/index.php\/infos-pratiques-preparez-votre-voyage-dans-le-06\/","title":{"rendered":"Infos Pratiques"},"content":{"rendered":"\n<p><strong>Pr\u00e9parez votre Voyage dans le 06 !<\/strong><\/p>\n\n\n\n<p><strong>Avant de partir \u00e0 la d\u00e9couverte du d\u00e9partement du 06, assurez-vous d&rsquo;\u00eatre bien pr\u00e9par\u00e9 ! Cette section regorge d&rsquo;informations utiles pour faciliter votre voyage. Des conseils sur les transports, des options d&rsquo;h\u00e9bergement vari\u00e9es, ainsi que les contacts d&rsquo;urgence, tout ce dont vous avez besoin pour un s\u00e9jour en toute s\u00e9r\u00e9nit\u00e9.&nbsp;<\/strong><\/p>\n\n\n\n<div style=\"height:100px\" aria-hidden=\"true\" class=\"wp-block-spacer\"><\/div>\n\n\n\n<figure class=\"wp-block-image size-large\"><img decoding=\"async\" loading=\"lazy\" width=\"1024\" height=\"768\" src=\"https:\/\/magnottdevlab.net\/alpesmaritimes\/wp-content\/uploads\/2023\/07\/laura-chouette-Hj8eZ_wK1eM-unsplash-1024x768.jpg\" alt=\"\" class=\"wp-image-70\" srcset=\"https:\/\/magnottdevlab.net\/alpesmaritimes\/wp-content\/uploads\/2023\/07\/laura-chouette-Hj8eZ_wK1eM-unsplash-1024x768.jpg 1024w, https:\/\/magnottdevlab.net\/alpesmaritimes\/wp-content\/uploads\/2023\/07\/laura-chouette-Hj8eZ_wK1eM-unsplash-300x225.jpg 300w, https:\/\/magnottdevlab.net\/alpesmaritimes\/wp-content\/uploads\/2023\/07\/laura-chouette-Hj8eZ_wK1eM-unsplash-768x576.jpg 768w, https:\/\/magnottdevlab.net\/alpesmaritimes\/wp-content\/uploads\/2023\/07\/laura-chouette-Hj8eZ_wK1eM-unsplash-1536x1152.jpg 1536w, https:\/\/magnottdevlab.net\/alpesmaritimes\/wp-content\/uploads\/2023\/07\/laura-chouette-Hj8eZ_wK1eM-unsplash-2048x1536.jpg 2048w, https:\/\/magnottdevlab.net\/alpesmaritimes\/wp-content\/uploads\/2023\/07\/laura-chouette-Hj8eZ_wK1eM-unsplash-1140x855.jpg 1140w\" sizes=\"(max-width: 1024px) 100vw, 1024px\" \/><\/figure>\n\n\n\n<div style=\"height:100px\" aria-hidden=\"true\" class=\"wp-block-spacer\"><\/div>\n\n\n\n<h2 class=\"wp-block-heading\"><strong>Se d\u00e9placer dans les Alpes-Maritimes<\/strong><\/h2>\n\n\n\n<div class=\"wp-block-media-text alignwide is-stacked-on-mobile\"><figure class=\"wp-block-media-text__media\"><img decoding=\"async\" loading=\"lazy\" width=\"1024\" height=\"577\" src=\"https:\/\/magnottdevlab.net\/alpesmaritimes\/wp-content\/uploads\/2023\/07\/sangga-rima-roman-selia-3sE3Y_rI700-unsplash-1024x577.jpg\" alt=\"\" class=\"wp-image-91 size-full\" srcset=\"https:\/\/magnottdevlab.net\/alpesmaritimes\/wp-content\/uploads\/2023\/07\/sangga-rima-roman-selia-3sE3Y_rI700-unsplash-1024x577.jpg 1024w, https:\/\/magnottdevlab.net\/alpesmaritimes\/wp-content\/uploads\/2023\/07\/sangga-rima-roman-selia-3sE3Y_rI700-unsplash-300x169.jpg 300w, https:\/\/magnottdevlab.net\/alpesmaritimes\/wp-content\/uploads\/2023\/07\/sangga-rima-roman-selia-3sE3Y_rI700-unsplash-768x433.jpg 768w, https:\/\/magnottdevlab.net\/alpesmaritimes\/wp-content\/uploads\/2023\/07\/sangga-rima-roman-selia-3sE3Y_rI700-unsplash-1536x866.jpg 1536w, https:\/\/magnottdevlab.net\/alpesmaritimes\/wp-content\/uploads\/2023\/07\/sangga-rima-roman-selia-3sE3Y_rI700-unsplash-2048x1154.jpg 2048w, https:\/\/magnottdevlab.net\/alpesmaritimes\/wp-content\/uploads\/2023\/07\/sangga-rima-roman-selia-3sE3Y_rI700-unsplash-1140x643.jpg 1140w\" sizes=\"(max-width: 1024px) 100vw, 1024px\" \/><\/figure><div class=\"wp-block-media-text__content\">\n<p><\/p>\n\n\n\n<p>Pour explorer le 06 en toute libert\u00e9, il est essentiel de conna\u00eetre les options de transport disponibles. D\u00e9couvrez les diff\u00e9rents moyens de locomotion, des transports en commun pratiques aux locations de v\u00e9hicules pour une d\u00e9couverte personnalis\u00e9e.&nbsp;<\/p>\n\n\n\n<p><\/p>\n<\/div><\/div>\n\n\n\n<div style=\"height:31px\" aria-hidden=\"true\" class=\"wp-block-spacer\"><\/div>\n\n\n\n<p class=\"has-text-align-center\"><strong>En savoir plus :<\/strong>&nbsp;<\/p>\n\n\n\n<p class=\"has-text-align-center\"><a href=\"https:\/\/www.transbus.org\/reseaux\/06.html\" data-type=\"URL\" data-id=\"https:\/\/www.transbus.org\/reseaux\/06.html\">Transports en Commun du 06&nbsp;<\/a><\/p>\n\n\n\n<p class=\"has-text-align-center\"><a href=\"https:\/\/www.europcar.fr\/fr-fr?gclid=CjwKCAjwzo2mBhAUEiwAf7wjknwVCgy6yGCG8mkVM8TEOPsUr7gymTT1iKtw-28TJVk4A7dVeU_nDxoCZCgQAvD_BwE&amp;gclsrc=aw.ds\" data-type=\"URL\" data-id=\"https:\/\/www.europcar.fr\/fr-fr?gclid=CjwKCAjwzo2mBhAUEiwAf7wjknwVCgy6yGCG8mkVM8TEOPsUr7gymTT1iKtw-28TJVk4A7dVeU_nDxoCZCgQAvD_BwE&amp;gclsrc=aw.ds\" target=\"_blank\" rel=\"noreferrer noopener\">Location de V\u00e9hicules&nbsp;<\/a><\/p>\n\n\n\n<div style=\"height:100px\" aria-hidden=\"true\" class=\"wp-block-spacer\"><\/div>\n\n\n\n<h2 class=\"wp-block-heading has-text-align-right\"><strong>H\u00e9bergement<\/strong><\/h2>\n\n\n\n<div class=\"wp-block-media-text alignwide has-media-on-the-right is-stacked-on-mobile\"><div class=\"wp-block-media-text__content\">\n<p>Trouver un lieu de s\u00e9jour confortable est essentiel pour profiter pleinement de votre voyage. D\u00e9couvrez une s\u00e9lection d&rsquo;h\u00e9bergements vari\u00e9s, des h\u00f4tels de charme aux g\u00eetes pittoresques, pour r\u00e9pondre \u00e0 toutes vos pr\u00e9f\u00e9rences.&nbsp;<\/p>\n\n\n\n<p><\/p>\n<\/div><figure class=\"wp-block-media-text__media\"><img decoding=\"async\" loading=\"lazy\" width=\"1024\" height=\"683\" src=\"https:\/\/magnottdevlab.net\/alpesmaritimes\/wp-content\/uploads\/2023\/07\/markus-spiske-g5ZIXjzRGds-unsplash-1024x683.jpg\" alt=\"\" class=\"wp-image-90 size-full\" srcset=\"https:\/\/magnottdevlab.net\/alpesmaritimes\/wp-content\/uploads\/2023\/07\/markus-spiske-g5ZIXjzRGds-unsplash-1024x683.jpg 1024w, https:\/\/magnottdevlab.net\/alpesmaritimes\/wp-content\/uploads\/2023\/07\/markus-spiske-g5ZIXjzRGds-unsplash-300x200.jpg 300w, https:\/\/magnottdevlab.net\/alpesmaritimes\/wp-content\/uploads\/2023\/07\/markus-spiske-g5ZIXjzRGds-unsplash-768x512.jpg 768w, https:\/\/magnottdevlab.net\/alpesmaritimes\/wp-content\/uploads\/2023\/07\/markus-spiske-g5ZIXjzRGds-unsplash-1536x1024.jpg 1536w, https:\/\/magnottdevlab.net\/alpesmaritimes\/wp-content\/uploads\/2023\/07\/markus-spiske-g5ZIXjzRGds-unsplash-2048x1365.jpg 2048w, https:\/\/magnottdevlab.net\/alpesmaritimes\/wp-content\/uploads\/2023\/07\/markus-spiske-g5ZIXjzRGds-unsplash-1140x760.jpg 1140w\" sizes=\"(max-width: 1024px) 100vw, 1024px\" \/><\/figure><\/div>\n\n\n\n<div style=\"height:31px\" aria-hidden=\"true\" class=\"wp-block-spacer\"><\/div>\n\n\n\n<p class=\"has-text-align-center\"><strong>En savoir plus :<\/strong>&nbsp;<\/p>\n\n\n\n<p class=\"has-text-align-center\"><a href=\"https:\/\/fr.hotels.com\/Hotel-Search?adults=2&amp;children=&amp;d1=2023-07-28&amp;d2=2023-08-04&amp;destination=3%20Rue%20Acchiardi%20de%20Saint-L%C3%A9ger%2C%2006300%20Nice%2C%20France&amp;endDate=2023-08-04&amp;latLong=&amp;mapBounds=&amp;pwaDialog=&amp;regionId&amp;rooms=1&amp;semdtl=&amp;sort=RECOMMENDED&amp;startDate=2023-07-28&amp;theme=&amp;useRewards=false&amp;userIntent=\" data-type=\"URL\" data-id=\"https:\/\/fr.hotels.com\/Hotel-Search?adults=2&amp;children=&amp;d1=2023-07-28&amp;d2=2023-08-04&amp;destination=3%20Rue%20Acchiardi%20de%20Saint-L%C3%A9ger%2C%2006300%20Nice%2C%20France&amp;endDate=2023-08-04&amp;latLong=&amp;mapBounds=&amp;pwaDialog=&amp;regionId&amp;rooms=1&amp;semdtl=&amp;sort=RECOMMENDED&amp;startDate=2023-07-28&amp;theme=&amp;useRewards=false&amp;userIntent=\" target=\"_blank\" rel=\"noreferrer noopener\">H\u00f4tels du 06&nbsp;<\/a><\/p>\n\n\n\n<p class=\"has-text-align-center\"><a href=\"https:\/\/www.gites-de-france.com\/fr\/search?destination=Alpes-Maritimes&amp;departments=24&amp;travelers=2&amp;seed=4383c5cf&amp;department=06&amp;f%5B0%5D=is_online_booking%3A1&amp;data-ori=ADSWFNGFFR06&amp;gclid=CjwKCAjwzo2mBhAUEiwAf7wjkvlEfnWvB_uChxkbatuuiMQbCms6mWYxGl36sF5NYoWzVRSILvm8ihoCfyEQAvD_BwE\" data-type=\"URL\" data-id=\"https:\/\/www.gites-de-france.com\/fr\/search?destination=Alpes-Maritimes&amp;departments=24&amp;travelers=2&amp;seed=4383c5cf&amp;department=06&amp;f%5B0%5D=is_online_booking%3A1&amp;data-ori=ADSWFNGFFR06&amp;gclid=CjwKCAjwzo2mBhAUEiwAf7wjkvlEfnWvB_uChxkbatuuiMQbCms6mWYxGl36sF5NYoWzVRSILvm8ihoCfyEQAvD_BwE\" target=\"_blank\" rel=\"noreferrer noopener\">G\u00eetes et Locations<\/a>&nbsp;<\/p>\n\n\n\n<div style=\"height:100px\" aria-hidden=\"true\" class=\"wp-block-spacer\"><\/div>\n\n\n\n<h2 class=\"wp-block-heading\"><strong>Contacts d&rsquo;Urgence&nbsp;<\/strong><\/h2>\n\n\n\n<div class=\"wp-block-cover is-light\"><span aria-hidden=\"true\" class=\"wp-block-cover__background has-background-dim\"><\/span><img decoding=\"async\" loading=\"lazy\" width=\"975\" height=\"431\" class=\"wp-block-cover__image-background wp-image-89\" alt=\"\" src=\"https:\/\/magnottdevlab.net\/alpesmaritimes\/wp-content\/uploads\/2023\/07\/numeros-urgence-berlin-975x431-1.jpg\" data-object-fit=\"cover\" srcset=\"https:\/\/magnottdevlab.net\/alpesmaritimes\/wp-content\/uploads\/2023\/07\/numeros-urgence-berlin-975x431-1.jpg 975w, https:\/\/magnottdevlab.net\/alpesmaritimes\/wp-content\/uploads\/2023\/07\/numeros-urgence-berlin-975x431-1-300x133.jpg 300w, https:\/\/magnottdevlab.net\/alpesmaritimes\/wp-content\/uploads\/2023\/07\/numeros-urgence-berlin-975x431-1-768x339.jpg 768w\" sizes=\"(max-width: 975px) 100vw, 975px\" \/><div class=\"wp-block-cover__inner-container\">\n<figure class=\"wp-block-pullquote\"><blockquote><p>Police : 17&nbsp;<br>Pompiers : 18&nbsp;<br>SAMU : 15&nbsp;<br>Num\u00e9ro d&rsquo;urgence europ\u00e9en : 112&nbsp;<\/p><\/blockquote><\/figure>\n<\/div><\/div>\n\n\n\n<p><\/p>\n\n\n\n<p class=\"has-text-align-center\"><strong>Voyager en toute s\u00e9r\u00e9nit\u00e9, c&rsquo;est aussi conna\u00eetre les contacts d&rsquo;urgence en cas de besoin. Retrouvez les num\u00e9ros essentiels des services d&rsquo;urgence locaux pour une tranquillit\u00e9 d&rsquo;esprit assur\u00e9e.&nbsp;<\/strong><\/p>\n\n\n\n<div style=\"height:100px\" aria-hidden=\"true\" class=\"wp-block-spacer\"><\/div>\n\n\n\n<p><strong>Avec ces informations pratiques en poche, vous \u00eates d\u00e9sormais pr\u00eat \u00e0 vous envoler vers le d\u00e9partement du 06. Profitez pleinement de votre s\u00e9jour en vous d\u00e9pla\u00e7ant ais\u00e9ment, en choisissant un h\u00e9bergement adapt\u00e9 \u00e0 vos envies et en sachant que vous \u00eates en s\u00e9curit\u00e9 avec les contacts d&rsquo;urgence \u00e0 port\u00e9e de main.&nbsp;<\/strong><\/p>\n","protected":false},"excerpt":{"rendered":"<p>Pr\u00e9parez votre Voyage dans le 06 ! Avant de partir \u00e0 la d\u00e9couverte du d\u00e9partement du 06, assurez-vous d&rsquo;\u00eatre bien pr\u00e9par\u00e9 ! Cette section regorge d&rsquo;informations utiles pour faciliter votre voyage. Des conseils sur les transports, des options d&rsquo;h\u00e9bergement vari\u00e9es, ainsi que les contacts d&rsquo;urgence, tout ce dont vous avez besoin pour un s\u00e9jour en toute s\u00e9r\u00e9nit\u00e9.&nbsp; Se d\u00e9placer dans les Alpes-Maritimes Pour explorer le 06 en toute libert\u00e9, il est essentiel de conna\u00eetre les options de transport disponibles. D\u00e9couvrez les diff\u00e9rents moyens de locomotion, des transports en commun pratiques aux locations de v\u00e9hicules pour une d\u00e9couverte personnalis\u00e9e.&nbsp; En savoir plus :&nbsp; Transports en Commun du 06&nbsp; Location de V\u00e9hicules&nbsp; H\u00e9bergement Trouver un lieu de s\u00e9jour confortable est essentiel pour profiter pleinement de votre voyage. D\u00e9couvrez une s\u00e9lection d&rsquo;h\u00e9bergements vari\u00e9s, des h\u00f4tels de charme aux g\u00eetes pittoresques, pour r\u00e9pondre \u00e0 toutes vos pr\u00e9f\u00e9rences.&nbsp; En savoir plus :&nbsp; H\u00f4tels du 06&nbsp; G\u00eetes et Locations&nbsp; Contacts d&rsquo;Urgence&nbsp; Voyager en toute s\u00e9r\u00e9nit\u00e9, c&rsquo;est aussi conna\u00eetre les contacts d&rsquo;urgence en cas de besoin. Retrouvez les num\u00e9ros essentiels des services d&rsquo;urgence locaux pour une tranquillit\u00e9 d&rsquo;esprit assur\u00e9e.&nbsp; Avec ces informations pratiques en poche, vous \u00eates d\u00e9sormais pr\u00eat \u00e0 vous envoler vers le d\u00e9partement du 06. Profitez pleinement de votre s\u00e9jour en vous d\u00e9pla\u00e7ant ais\u00e9ment, en choisissant un h\u00e9bergement adapt\u00e9 \u00e0 vos envies et en sachant que vous \u00eates en s\u00e9curit\u00e9 avec les contacts d&rsquo;urgence \u00e0 port\u00e9e de main.&nbsp;<\/p>\n","protected":false},"author":1,"featured_media":0,"parent":0,"menu_order":0,"comment_status":"closed","ping_status":"closed","template":"","meta":[],"_links":{"self":[{"href":"https:\/\/magnottdevlab.net\/alpesmaritimes\/index.php\/wp-json\/wp\/v2\/pages\/14"}],"collection":[{"href":"https:\/\/magnottdevlab.net\/alpesmaritimes\/index.php\/wp-json\/wp\/v2\/pages"}],"about":[{"href":"https:\/\/magnottdevlab.net\/alpesmaritimes\/index.php\/wp-json\/wp\/v2\/types\/page"}],"author":[{"embeddable":true,"href":"https:\/\/magnottdevlab.net\/alpesmaritimes\/index.php\/wp-json\/wp\/v2\/users\/1"}],"replies":[{"embeddable":true,"href":"https:\/\/magnottdevlab.net\/alpesmaritimes\/index.php\/wp-json\/wp\/v2\/comments?post=14"}],"version-history":[{"count":13,"href":"https:\/\/magnottdevlab.net\/alpesmaritimes\/index.php\/wp-json\/wp\/v2\/pages\/14\/revisions"}],"predecessor-version":[{"id":184,"href":"https:\/\/magnottdevlab.net\/alpesmaritimes\/index.php\/wp-json\/wp\/v2\/pages\/14\/revisions\/184"}],"wp:attachment":[{"href":"https:\/\/magnottdevlab.net\/alpesmaritimes\/index.php\/wp-json\/wp\/v2\/media?parent=14"}],"curies":[{"name":"wp","href":"https:\/\/api.w.org\/{rel}","templated":true}]}}