{"id":2,"date":"2023-07-28T11:54:23","date_gmt":"2023-07-28T09:54:23","guid":{"rendered":"https:\/\/magnottdevlab.net\/alpesmaritimes\/?page_id=2"},"modified":"2023-08-01T21:36:11","modified_gmt":"2023-08-01T19:36:11","slug":"page-d-exemple","status":"publish","type":"page","link":"https:\/\/magnottdevlab.net\/alpesmaritimes\/","title":{"rendered":"Bienvenue dans le d\u00e9partement des Alpes-Maritimes !"},"content":{"rendered":"\n<div class=\"wp-block-columns is-layout-flex wp-container-3\">\n<div class=\"wp-block-column is-layout-flow\" style=\"flex-basis:66.66%\">\n<p style=\"font-size:25px; line-height: 1.5em;\"><strong>Bienvenue sur notre site d\u00e9di\u00e9 au merveilleux d\u00e9partement du 06. D\u00e9couvrez une r\u00e9gion aux paysages envo\u00fbtants, \u00e0 l&rsquo;histoire riche et \u00e0 la culture vibrante. Que vous soyez amateurs de nature, d&rsquo;histoire, de gastronomie ou d&rsquo;art, le 06 a tout pour vous s\u00e9duire. Explorez nos diff\u00e9rentes sections pour planifier votre s\u00e9jour inoubliable dans cette destination ensoleill\u00e9e !<\/strong><\/p>\n<\/div>\n\n\n\n<div class=\"wp-block-column is-layout-flow\" style=\"flex-basis:33.33%\">\n<iframe loading=\"lazy\" id=\"widget_autocomplete_preview\"  width=\"150\" height=\"300\" frameborder=\"0\" src=\"https:\/\/meteofrance.com\/widget\/prevision\/060270##5C5F88\"> <\/iframe>\n<\/div>\n<\/div>\n\n\n\n<div style=\"height:100px\" aria-hidden=\"true\" class=\"wp-block-spacer\"><\/div>\n\n\n\n<figure class=\"wp-block-embed is-type-video is-provider-youtube wp-block-embed-youtube wp-embed-aspect-16-9 wp-has-aspect-ratio\"><div class=\"wp-block-embed__wrapper\">\n<iframe loading=\"lazy\" title=\"Les lieux \u00e0 absolument voir : Les Alpes-Maritimes (06)\" width=\"960\" height=\"540\" src=\"https:\/\/www.youtube.com\/embed\/RDT0GBikc7Q?feature=oembed\" frameborder=\"0\" allow=\"accelerometer; autoplay; clipboard-write; encrypted-media; gyroscope; picture-in-picture; web-share\" allowfullscreen><\/iframe>\n<\/div><\/figure>\n\n\n\n<div style=\"height:100px\" aria-hidden=\"true\" class=\"wp-block-spacer\"><\/div>\n\n\n\n<p class=\"has-medium-font-size\"><strong>Que vous soyez un voyageur curieux, un passionn\u00e9 d&rsquo;histoire ou un gourmet en qu\u00eate de nouvelles saveurs, le 06 vous attend les bras ouverts. Pr\u00e9parez-vous \u00e0 vivre des exp\u00e9riences inoubliables au c\u0153ur de cette magnifique r\u00e9gion du sud de la France.&nbsp;<\/strong><\/p>\n","protected":false},"excerpt":{"rendered":"<p>Bienvenue sur notre site d\u00e9di\u00e9 au merveilleux d\u00e9partement du 06. D\u00e9couvrez une r\u00e9gion aux paysages envo\u00fbtants, \u00e0 l&rsquo;histoire riche et \u00e0 la culture vibrante. Que vous soyez amateurs de nature, d&rsquo;histoire, de gastronomie ou d&rsquo;art, le 06 a tout pour vous s\u00e9duire. Explorez nos diff\u00e9rentes sections pour planifier votre s\u00e9jour inoubliable dans cette destination ensoleill\u00e9e ! Que vous soyez un voyageur curieux, un passionn\u00e9 d&rsquo;histoire ou un gourmet en qu\u00eate de nouvelles saveurs, le 06 vous attend les bras ouverts. Pr\u00e9parez-vous \u00e0 vivre des exp\u00e9riences inoubliables au c\u0153ur de cette magnifique r\u00e9gion du sud de la France.&nbsp;<\/p>\n","protected":false},"author":1,"featured_media":0,"parent":0,"menu_order":0,"comment_status":"closed","ping_status":"open","template":"","meta":[],"_links":{"self":[{"href":"https:\/\/magnottdevlab.net\/alpesmaritimes\/index.php\/wp-json\/wp\/v2\/pages\/2"}],"collection":[{"href":"https:\/\/magnottdevlab.net\/alpesmaritimes\/index.php\/wp-json\/wp\/v2\/pages"}],"about":[{"href":"https:\/\/magnottdevlab.net\/alpesmaritimes\/index.php\/wp-json\/wp\/v2\/types\/page"}],"author":[{"embeddable":true,"href":"https:\/\/magnottdevlab.net\/alpesmaritimes\/index.php\/wp-json\/wp\/v2\/users\/1"}],"replies":[{"embeddable":true,"href":"https:\/\/magnottdevlab.net\/alpesmaritimes\/index.php\/wp-json\/wp\/v2\/comments?post=2"}],"version-history":[{"count":25,"href":"https:\/\/magnottdevlab.net\/alpesmaritimes\/index.php\/wp-json\/wp\/v2\/pages\/2\/revisions"}],"predecessor-version":[{"id":179,"href":"https:\/\/magnottdevlab.net\/alpesmaritimes\/index.php\/wp-json\/wp\/v2\/pages\/2\/revisions\/179"}],"wp:attachment":[{"href":"https:\/\/magnottdevlab.net\/alpesmaritimes\/index.php\/wp-json\/wp\/v2\/media?parent=2"}],"curies":[{"name":"wp","href":"https:\/\/api.w.org\/{rel}","templated":true}]}}